{"id":89,"date":"2024-11-06T19:02:33","date_gmt":"2024-11-06T19:02:33","guid":{"rendered":"https:\/\/ogingenieriadelnorte.com\/?page_id=89"},"modified":"2024-11-29T00:15:19","modified_gmt":"2024-11-29T00:15:19","slug":"quienes-somos","status":"publish","type":"page","link":"https:\/\/ogingenieriadelnorte.com\/index.php\/quienes-somos\/","title":{"rendered":"QUIENES SOMOS"},"content":{"rendered":"<p>[et_pb_section fb_built=\u00bb1&#8243; _builder_version=\u00bb4.27.2&#8243; _module_preset=\u00bbdefault\u00bb background_color=\u00bb#074e91&#8243; background_image=\u00bbhttps:\/\/ogingenieriadelnorte.com\/wp-content\/uploads\/2024\/11\/AdobeStock_170474235-scaled.jpeg\u00bb background_blend=\u00bbmultiply\u00bb custom_padding=\u00bb6px||0px|||\u00bb hover_enabled=\u00bb0&#8243; global_colors_info=\u00bb{}\u00bb title_text=\u00bbdistribution electric substation with power lines and transformers, at sunset.\u00bb background_position=\u00bbbottom_center\u00bb sticky_enabled=\u00bb0&#8243;][et_pb_row column_structure=\u00bb1_2,1_2&#8243; _builder_version=\u00bb4.27.2&#8243; _module_preset=\u00bbdefault\u00bb background_enable_color=\u00bboff\u00bb width=\u00bb89%\u00bb max_width=\u00bb2560px\u00bb custom_margin=\u00bb-7px|auto||auto||\u00bb custom_padding=\u00bb4px||0px|||\u00bb global_colors_info=\u00bb{}\u00bb][et_pb_column type=\u00bb1_2&#8243; _builder_version=\u00bb4.27.2&#8243; _module_preset=\u00bbdefault\u00bb background_enable_image=\u00bboff\u00bb custom_padding=\u00bb176px||176px||false|false\u00bb animation_style=\u00bbfade\u00bb global_colors_info=\u00bb{}\u00bb][et_pb_image src=\u00bbhttps:\/\/ogingenieriadelnorte.com\/wp-content\/uploads\/2024\/11\/AdobeStock_482105791-scaled.jpeg\u00bb title_text=\u00bbElectrician engineer tests electrical installations and wires on\u00bb _builder_version=\u00bb4.27.2&#8243; _module_preset=\u00bbdefault\u00bb custom_margin=\u00bb-40px|||||\u00bb animation_style=\u00bbfade\u00bb border_radii=\u00bboff|15px||15px|\u00bb global_colors_info=\u00bb{}\u00bb][\/et_pb_image][\/et_pb_column][et_pb_column type=\u00bb1_2&#8243; _builder_version=\u00bb4.27.2&#8243; _module_preset=\u00bbdefault\u00bb animation_style=\u00bbslide\u00bb global_colors_info=\u00bb{}\u00bb][et_pb_text _builder_version=\u00bb4.27.2&#8243; _module_preset=\u00bbdefault\u00bb text_font=\u00bbPoppins|700|||||||\u00bb text_text_color=\u00bb#FFFFFF\u00bb text_font_size=\u00bb37px\u00bb custom_margin=\u00bb142px|||||\u00bb custom_margin_tablet=\u00bb142px|||||\u00bb custom_margin_phone=\u00bb-130px||||false|false\u00bb custom_margin_last_edited=\u00bbon|phone\u00bb text_font_size_tablet=\u00bb37px\u00bb text_font_size_phone=\u00bb29px\u00bb text_font_size_last_edited=\u00bbon|phone\u00bb global_colors_info=\u00bb{}\u00bb]<\/p>\n<p><span data-contrast=\"auto\" xml:lang=\"ES-MX\" lang=\"ES-MX\" class=\"TextRun SCXW240287902 BCX0\"><span class=\"NormalTextRun SCXW240287902 BCX0\">\u00bfQUI\u00c9NES SOMOS?<\/span><\/span><span class=\"EOP SCXW240287902 BCX0\" data-ccp-props=\"{}\">\u00a0<\/span><\/p>\n<p>[\/et_pb_text][et_pb_text _builder_version=\u00bb4.27.2&#8243; _module_preset=\u00bbdefault\u00bb text_font=\u00bbPoppins||||||||\u00bb text_text_color=\u00bb#FFFFFF\u00bb custom_margin=\u00bb24px|25px||15px|false|false\u00bb custom_margin_tablet=\u00bb24px|25px||15px|false|false\u00bb custom_margin_phone=\u00bb||34px||false|false\u00bb custom_margin_last_edited=\u00bbon|phone\u00bb text_orientation_tablet=\u00bb\u00bb text_orientation_phone=\u00bbjustified\u00bb text_orientation_last_edited=\u00bbon|phone\u00bb global_colors_info=\u00bb{}\u00bb]<\/p>\n<p><span data-contrast=\"auto\">En OG Ingenier\u00eda del Norte somos un equipo de ingenieros apasionados y comprometidos con el desarrollo de soluciones de construcci\u00f3n, electricidad y energ\u00edas renovables. Fundada por expertos con a\u00f1os de experiencia en la industria, nuestra empresa tiene como misi\u00f3n transformar el sector energ\u00e9tico a trav\u00e9s de la implementaci\u00f3n de tecnolog\u00edas limpias y sostenibles.<\/span><span data-ccp-props=\"{}\">\u00a0<\/span><\/p>\n<p><span data-ccp-props=\"{}\">\u00a0<\/span><\/p>\n<p><span data-contrast=\"auto\">Nos especializamos en la venta e instalaci\u00f3n de productos como paneles solares, plantas de energ\u00eda, bancos de capacitores, transformadores y sistemas el\u00e9ctricos en general. Nuestra meta es ofrecer a cada cliente soluciones personalizadas que optimicen su consumo de energ\u00eda y contribuyan a un planeta m\u00e1s verde.<\/span><span data-ccp-props=\"{}\">\u00a0<\/span><\/p>\n<p>[\/et_pb_text][\/et_pb_column][\/et_pb_row][\/et_pb_section][et_pb_section fb_built=\u00bb1&#8243; _builder_version=\u00bb4.27.2&#8243; _module_preset=\u00bbdefault\u00bb background_color=\u00bb#0C71C3&#8243; use_background_color_gradient=\u00bbon\u00bb background_color_gradient_stops=\u00bb#2b87da 0%|#0c537a 100%\u00bb background_video_mp4=\u00bbhttps:\/\/ogingenieriadelnorte.com\/wp-content\/uploads\/2024\/11\/AdobeStock_411529885.mp4&#8243; custom_padding=\u00bb||0px|||\u00bb box_shadow_style=\u00bbpreset1&#8243; global_colors_info=\u00bb{}\u00bb][et_pb_row _builder_version=\u00bb4.27.2&#8243; _module_preset=\u00bbdefault\u00bb width=\u00bb93%\u00bb max_width=\u00bb1288px\u00bb global_colors_info=\u00bb{}\u00bb][et_pb_column type=\u00bb4_4&#8243; _builder_version=\u00bb4.27.2&#8243; _module_preset=\u00bbdefault\u00bb global_colors_info=\u00bb{}\u00bb][et_pb_image src=\u00bbhttps:\/\/ogingenieriadelnorte.com\/wp-content\/uploads\/2024\/11\/OG-INGENIERIA-CON-ESLOGAN-MARCA-DE-AGUA-NEGATIVO-1.png\u00bb title_text=\u00bbOG INGENIERIA CON ESLOGAN MARCA DE AGUA NEGATIVO (1)\u00bb _builder_version=\u00bb4.27.2&#8243; _module_preset=\u00bbdefault\u00bb width=\u00bb35%\u00bb width_tablet=\u00bb35%\u00bb width_phone=\u00bb89%\u00bb width_last_edited=\u00bbon|phone\u00bb module_alignment=\u00bbcenter\u00bb animation_style=\u00bbslide\u00bb animation_direction=\u00bbbottom\u00bb global_colors_info=\u00bb{}\u00bb][\/et_pb_image][et_pb_divider color=\u00bb#08db80&#8243; _builder_version=\u00bb4.27.2&#8243; _module_preset=\u00bbdefault\u00bb animation_style=\u00bbslide\u00bb global_colors_info=\u00bb{}\u00bb][\/et_pb_divider][et_pb_text _builder_version=\u00bb4.27.2&#8243; _module_preset=\u00bbdefault\u00bb text_font=\u00bbPoppins|500|||||||\u00bb text_text_color=\u00bb#FFFFFF\u00bb text_font_size=\u00bb45px\u00bb text_line_height=\u00bb1.3em\u00bb text_orientation=\u00bbcenter\u00bb animation_style=\u00bbfade\u00bb text_font_size_tablet=\u00bb45px\u00bb text_font_size_phone=\u00bb31px\u00bb text_font_size_last_edited=\u00bbon|phone\u00bb global_colors_info=\u00bb{}\u00bb]<\/p>\n<p><span data-contrast=\"auto\" xml:lang=\"ES-MX\" lang=\"ES-MX\" class=\"TextRun SCXW248775095 BCX0\"><span class=\"NormalTextRun SCXW248775095 BCX0\"><strong>HABLEMOS DE ENERG\u00cdA<\/strong> y de c\u00f3mo juntos podemos construir un futuro m\u00e1s eficiente y sostenible<\/span><\/span><span class=\"EOP SCXW248775095 BCX0\" data-ccp-props=\"{}\">\u00a0<\/span><\/p>\n<p>[\/et_pb_text][et_pb_divider color=\u00bb#08db80&#8243; _builder_version=\u00bb4.27.2&#8243; _module_preset=\u00bbdefault\u00bb animation_style=\u00bbslide\u00bb global_colors_info=\u00bb{}\u00bb][\/et_pb_divider][\/et_pb_column][\/et_pb_row][\/et_pb_section][et_pb_section fb_built=\u00bb1&#8243; _builder_version=\u00bb4.27.2&#8243; _module_preset=\u00bbdefault\u00bb global_colors_info=\u00bb{}\u00bb][et_pb_row column_structure=\u00bb1_2,1_2&#8243; _builder_version=\u00bb4.27.2&#8243; _module_preset=\u00bbdefault\u00bb global_colors_info=\u00bb{}\u00bb][et_pb_column type=\u00bb1_2&#8243; _builder_version=\u00bb4.27.2&#8243; _module_preset=\u00bbdefault\u00bb global_colors_info=\u00bb{}\u00bb][et_pb_blurb title=\u00bbMISI\u00d3N\u00bb image=\u00bbhttps:\/\/ogingenieriadelnorte.com\/wp-content\/uploads\/2024\/11\/solar-energy.png\u00bb image_icon_width=\u00bb67%\u00bb _builder_version=\u00bb4.27.2&#8243; _module_preset=\u00bbdefault\u00bb header_font=\u00bbPoppins|700|||||||\u00bb header_text_align=\u00bbleft\u00bb header_text_color=\u00bb#0C71C3&#8243; header_font_size=\u00bb30px\u00bb body_font=\u00bbMontserrat||||||||\u00bb animation_style=\u00bbfade\u00bb global_colors_info=\u00bb{}\u00bb]<\/p>\n<p style=\"text-align: justify;\"><span data-contrast=\"auto\" xml:lang=\"ES-MX\" lang=\"ES-MX\" class=\"TextRun SCXW120031541 BCX0\"><span class=\"NormalTextRun SCXW120031541 BCX0\">En OG Ingenier\u00eda del Norte, nuestra misi\u00f3n es ofrecer soluciones integrales y sostenibles en energ\u00edas renovables y servicios de ingenier\u00eda el\u00e9ctrica, promoviendo el uso de tecnolog\u00edas limpias y sistemas eficientes que contribuyan al desarrollo sostenible. <\/span><\/span><\/p>\n<p style=\"text-align: justify;\"><span data-contrast=\"auto\" xml:lang=\"ES-MX\" lang=\"ES-MX\" class=\"TextRun SCXW120031541 BCX0\"><span class=\"NormalTextRun SCXW120031541 BCX0\">Nos comprometemos a brindar productos de alta calidad y servicios especializados, buscando siempre satisfacer las necesidades de nuestros clientes con responsabilidad, innovaci\u00f3n y un enfoque claro hacia la protecci\u00f3n del medio ambiente.<\/span><\/span><span class=\"EOP SCXW120031541 BCX0\" data-ccp-props=\"{&quot;134233117&quot;:true,&quot;134233118&quot;:true,&quot;201341983&quot;:0,&quot;335559740&quot;:240}\">\u00a0<\/span><\/p>\n<p>[\/et_pb_blurb][\/et_pb_column][et_pb_column type=\u00bb1_2&#8243; _builder_version=\u00bb4.27.2&#8243; _module_preset=\u00bbdefault\u00bb global_colors_info=\u00bb{}\u00bb][et_pb_blurb title=\u00bbVISI\u00d3N\u00bb image=\u00bbhttps:\/\/ogingenieriadelnorte.com\/wp-content\/uploads\/2024\/11\/innovative-solutions.png\u00bb image_icon_width=\u00bb67%\u00bb _builder_version=\u00bb4.27.2&#8243; _module_preset=\u00bbdefault\u00bb header_font=\u00bbPoppins|700|||||||\u00bb header_text_align=\u00bbcenter\u00bb header_text_color=\u00bb#0C71C3&#8243; header_font_size=\u00bb30px\u00bb body_font=\u00bbMontserrat||||||||\u00bb animation_style=\u00bbslide\u00bb global_colors_info=\u00bb{}\u00bb]<\/p>\n<p style=\"text-align: justify;\"><span data-contrast=\"auto\" xml:lang=\"ES-MX\" lang=\"ES-MX\" class=\"TextRun SCXW120031541 BCX0\"><span class=\"NormalTextRun SCXW120031541 BCX0\"><span data-contrast=\"auto\" xml:lang=\"ES-MX\" lang=\"ES-MX\" class=\"TextRun SCXW147645882 BCX0\"><span class=\"NormalTextRun SCXW147645882 BCX0\">Ser l\u00edderes en el sector energ\u00e9tico en M\u00e9xico, reconocidos por nuestra innovaci\u00f3n, calidad y compromiso con la sostenibilidad. <\/span><\/span><\/span><\/span><\/p>\n<p style=\"text-align: justify;\"><span data-contrast=\"auto\" xml:lang=\"ES-MX\" lang=\"ES-MX\" class=\"TextRun SCXW120031541 BCX0\"><span class=\"NormalTextRun SCXW120031541 BCX0\"><span data-contrast=\"auto\" xml:lang=\"ES-MX\" lang=\"ES-MX\" class=\"TextRun SCXW147645882 BCX0\"><span class=\"NormalTextRun SCXW147645882 BCX0\">Nos proponemos ser la referencia en soluciones el\u00e9ctricas y energ\u00edas renovables, inspirando a otros a adoptar pr\u00e1cticas responsables que apoyen la transici\u00f3n hacia un futuro m\u00e1s verde y eficiente, beneficiando tanto a las comunidades actuales como a las generaciones venideras.<\/span><\/span><\/span><\/span><\/p>\n<p>[\/et_pb_blurb][\/et_pb_column][\/et_pb_row][\/et_pb_section][et_pb_section fb_built=\u00bb1&#8243; _builder_version=\u00bb4.27.2&#8243; _module_preset=\u00bbdefault\u00bb background_color=\u00bb#00752b\u00bb background_image=\u00bbhttps:\/\/ogingenieriadelnorte.com\/wp-content\/uploads\/2024\/11\/7.jpg\u00bb background_blend=\u00bbmultiply\u00bb custom_padding=\u00bb||0px|||\u00bb global_colors_info=\u00bb{}\u00bb][et_pb_row column_structure=\u00bb1_2,1_2&#8243; _builder_version=\u00bb4.27.2&#8243; _module_preset=\u00bbdefault\u00bb custom_padding=\u00bb||0px|||\u00bb global_colors_info=\u00bb{}\u00bb][et_pb_column type=\u00bb1_2&#8243; _builder_version=\u00bb4.27.2&#8243; _module_preset=\u00bbdefault\u00bb global_colors_info=\u00bb{}\u00bb][et_pb_text _builder_version=\u00bb4.27.2&#8243; _module_preset=\u00bbdefault\u00bb text_font=\u00bbPoppins||||||||\u00bb text_text_color=\u00bb#FFFFFF\u00bb custom_margin=\u00bb-43px|||||\u00bb text_orientation_tablet=\u00bb\u00bb text_orientation_phone=\u00bbjustified\u00bb text_orientation_last_edited=\u00bbon|phone\u00bb global_colors_info=\u00bb{}\u00bb]<\/p>\n<h1><span style=\"color: #ffffff;\"><b>Valores<\/b>\u00a0<\/span><\/h1>\n<p><b><span data-contrast=\"auto\"><\/span><\/b><\/p>\n<p><b><span data-contrast=\"auto\"><\/span><\/b><\/p>\n<p><b><span data-contrast=\"auto\">Sustentabilidad:<\/span><\/b><span data-contrast=\"auto\"> <\/span><span data-contrast=\"auto\">Promovemos el uso de energ\u00edas renovables y pr\u00e1cticas responsables en cada proyecto, priorizando la protecci\u00f3n del medio ambiente y el bienestar de las comunidades.<\/span><span data-ccp-props=\"{&quot;201341983&quot;:0,&quot;335559739&quot;:0,&quot;335559740&quot;:240}\">\u00a0<\/span><\/p>\n<p><b><span data-contrast=\"auto\">Calidad:<\/span><\/b><span data-contrast=\"auto\"> Nos comprometemos a ofrecer productos y servicios de alta calidad que superen las expectativas de nuestros clientes, garantizando su seguridad y satisfacci\u00f3n.<\/span><span data-ccp-props=\"{&quot;201341983&quot;:0,&quot;335559739&quot;:0,&quot;335559740&quot;:240}\">\u00a0<\/span><\/p>\n<p><b><span data-contrast=\"auto\">Innovaci\u00f3n:<\/span><\/b><span data-contrast=\"auto\"> Fomentamos la creatividad y la mejora continua, adapt\u00e1ndonos a las nuevas tecnolog\u00edas del sector energ\u00e9tico para proporcionar soluciones avanzadas.<\/span><span data-ccp-props=\"{&quot;201341983&quot;:0,&quot;335559739&quot;:0,&quot;335559740&quot;:240}\">\u00a0<\/span><\/p>\n<p><b><span data-contrast=\"auto\">Integridad:<\/span><\/b><span data-contrast=\"auto\"> Actuamos con transparencia y \u00e9tica en todas nuestras interacciones, construyendo relaciones de confianza con nuestros clientes y colaboradores.<\/span><span data-ccp-props=\"{&quot;201341983&quot;:0,&quot;335559739&quot;:0,&quot;335559740&quot;:240}\">\u00a0<\/span><\/p>\n<p><b><span data-contrast=\"auto\">Compromiso:<\/span><\/b><span data-contrast=\"auto\"> Trabajamos con dedicaci\u00f3n para cumplir las expectativas de nuestros clientes y generar un impacto positivo en la comunidad y el entorno.<\/span><span data-ccp-props=\"{&quot;201341983&quot;:0,&quot;335559739&quot;:0,&quot;335559740&quot;:240}\">\u00a0<\/span><\/p>\n<p><b><span data-contrast=\"auto\">Trabajo en Equipo:<\/span><\/b><span data-contrast=\"auto\"> Valoramos la colaboraci\u00f3n y el respeto mutuo, reconociendo que el \u00e9xito se logra a trav\u00e9s de un esfuerzo conjunto.<\/span><span data-ccp-props=\"{&quot;134233117&quot;:true,&quot;134233118&quot;:true,&quot;201341983&quot;:0,&quot;335559740&quot;:240}\">\u00a0<\/span><\/p>\n<p>[\/et_pb_text][\/et_pb_column][et_pb_column type=\u00bb1_2&#8243; _builder_version=\u00bb4.27.2&#8243; _module_preset=\u00bbdefault\u00bb global_colors_info=\u00bb{}\u00bb][et_pb_image src=\u00bbhttps:\/\/ogingenieriadelnorte.com\/wp-content\/uploads\/2024\/11\/png1.png\u00bb title_text=\u00bb+png1&#8243; _builder_version=\u00bb4.27.2&#8243; _module_preset=\u00bbdefault\u00bb custom_margin=\u00bb40px|||||\u00bb custom_padding=\u00bb||0px|||\u00bb animation_style=\u00bbslide\u00bb global_colors_info=\u00bb{}\u00bb][\/et_pb_image][\/et_pb_column][\/et_pb_row][et_pb_row column_structure=\u00bb1_2,1_2&#8243; _builder_version=\u00bb4.27.2&#8243; _module_preset=\u00bbdefault\u00bb background_color=\u00bb#fcfcfc\u00bb width=\u00bb96%\u00bb max_width=\u00bb1291px\u00bb custom_padding=\u00bb35px|35px|35px|35px|false|false\u00bb animation_style=\u00bbslide\u00bb border_radii=\u00bbon|15px|15px|15px|15px\u00bb border_width_all=\u00bb4px\u00bb border_color_all=\u00bb#FFFFFF\u00bb box_shadow_style=\u00bbpreset1&#8243; global_colors_info=\u00bb{}\u00bb][et_pb_column type=\u00bb1_2&#8243; _builder_version=\u00bb4.27.2&#8243; _module_preset=\u00bbdefault\u00bb global_colors_info=\u00bb{}\u00bb][et_pb_text _builder_version=\u00bb4.27.2&#8243; _module_preset=\u00bbdefault\u00bb text_font=\u00bbPoppins|700|||||||\u00bb text_text_color=\u00bb#0C71C3&#8243; text_font_size=\u00bb40px\u00bb text_orientation=\u00bbcenter\u00bb global_colors_info=\u00bb{}\u00bb]<\/p>\n<p>OBJETIVOS<\/p>\n<p>[\/et_pb_text][et_pb_divider _builder_version=\u00bb4.27.2&#8243; _module_preset=\u00bbdefault\u00bb animation_style=\u00bbslide\u00bb global_colors_info=\u00bb{}\u00bb][\/et_pb_divider][et_pb_text _builder_version=\u00bb4.27.2&#8243; _module_preset=\u00bbdefault\u00bb custom_margin=\u00bb|15px||15px|false|false\u00bb global_colors_info=\u00bb{}\u00bb]<\/p>\n<p><span style=\"color: #000000;\"><b>Promover el uso de energ\u00edas renovables<\/b><\/span><span data-contrast=\"auto\"><span style=\"color: #000000;\">:<\/span> Incrementar la conciencia sobre la importancia de la sostenibilidad a trav\u00e9s de nuestros productos y servicios.<\/span><span data-ccp-props=\"{&quot;134233117&quot;:true,&quot;134233118&quot;:true,&quot;201341983&quot;:0,&quot;335559740&quot;:240}\">\u00a0<\/span><\/p>\n<p><span style=\"color: #000000;\"><b>Expandir nuestra oferta de productos<\/b><\/span><span data-contrast=\"auto\"><span style=\"color: #000000;\">:<\/span> Mantenernos a la vanguardia de las tecnolog\u00edas limpias y soluciones energ\u00e9ticas, ampliando nuestro portafolio con las mejores marcas y productos del mercado.<\/span><span data-ccp-props=\"{&quot;134233117&quot;:true,&quot;134233118&quot;:true,&quot;201341983&quot;:0,&quot;335559740&quot;:240}\">\u00a0<\/span><\/p>\n<p>[\/et_pb_text][\/et_pb_column][et_pb_column type=\u00bb1_2&#8243; _builder_version=\u00bb4.27.2&#8243; _module_preset=\u00bbdefault\u00bb global_colors_info=\u00bb{}\u00bb][et_pb_text _builder_version=\u00bb4.27.2&#8243; _module_preset=\u00bbdefault\u00bb custom_margin=\u00bb|15px||15px|false|false\u00bb global_colors_info=\u00bb{}\u00bb]<\/p>\n<p><span style=\"color: #000000;\"><b>Implementar pr\u00e1cticas sostenibles<\/b><\/span><span data-contrast=\"auto\"><span style=\"color: #000000;\">:<\/span> Incorporar procesos internos que reduzcan nuestra huella de carbono y fomenten la eficiencia energ\u00e9tica en nuestras operaciones.<\/span><span data-ccp-props=\"{&quot;134233117&quot;:true,&quot;134233118&quot;:true,&quot;201341983&quot;:0,&quot;335559740&quot;:240}\">\u00a0<\/span><\/p>\n<p><span data-ccp-props=\"{&quot;134233117&quot;:true,&quot;134233118&quot;:true,&quot;201341983&quot;:0,&quot;335559740&quot;:240}\"><span style=\"color: #000000;\"><b>Fortalecer la relaci\u00f3n con nuestros clientes<\/b>:<\/span> Proporcionar un servicio al cliente excepcional, entendiendo sus necesidades y ofreciendo soluciones personalizadas.\u00a0<\/span><\/p>\n<p><span style=\"color: #000000;\"><b>Desarrollar proyectos de impacto social<\/b><\/span><span data-contrast=\"auto\"><span style=\"color: #000000;\">:<\/span> Colaborar con comunidades locales en iniciativas que promuevan el acceso a energ\u00eda limpia y educaci\u00f3n sobre sustentabilidad.<\/span><span data-ccp-props=\"{&quot;134233117&quot;:true,&quot;134233118&quot;:true,&quot;201341983&quot;:0,&quot;335559740&quot;:240}\">\u00a0<\/span><\/p>\n<p>&nbsp;<\/p>\n<p>[\/et_pb_text][\/et_pb_column][\/et_pb_row][\/et_pb_section]<\/p>\n","protected":false},"excerpt":{"rendered":"<p>\u00bfQUI\u00c9NES SOMOS?\u00a0En OG Ingenier\u00eda del Norte somos un equipo de ingenieros apasionados y comprometidos con el desarrollo de soluciones de construcci\u00f3n, electricidad y energ\u00edas renovables. Fundada por expertos con a\u00f1os de experiencia en la industria, nuestra empresa tiene como misi\u00f3n transformar el sector energ\u00e9tico a trav\u00e9s de la implementaci\u00f3n de tecnolog\u00edas limpias y sostenibles.\u00a0 \u00a0 [&hellip;]<\/p>\n","protected":false},"author":1,"featured_media":0,"parent":0,"menu_order":0,"comment_status":"closed","ping_status":"closed","template":"","meta":{"_et_pb_use_builder":"on","_et_pb_old_content":"","_et_gb_content_width":"","footnotes":""},"class_list":["post-89","page","type-page","status-publish","hentry"],"_links":{"self":[{"href":"https:\/\/ogingenieriadelnorte.com\/index.php\/wp-json\/wp\/v2\/pages\/89","targetHints":{"allow":["GET"]}}],"collection":[{"href":"https:\/\/ogingenieriadelnorte.com\/index.php\/wp-json\/wp\/v2\/pages"}],"about":[{"href":"https:\/\/ogingenieriadelnorte.com\/index.php\/wp-json\/wp\/v2\/types\/page"}],"author":[{"embeddable":true,"href":"https:\/\/ogingenieriadelnorte.com\/index.php\/wp-json\/wp\/v2\/users\/1"}],"replies":[{"embeddable":true,"href":"https:\/\/ogingenieriadelnorte.com\/index.php\/wp-json\/wp\/v2\/comments?post=89"}],"version-history":[{"count":16,"href":"https:\/\/ogingenieriadelnorte.com\/index.php\/wp-json\/wp\/v2\/pages\/89\/revisions"}],"predecessor-version":[{"id":431,"href":"https:\/\/ogingenieriadelnorte.com\/index.php\/wp-json\/wp\/v2\/pages\/89\/revisions\/431"}],"wp:attachment":[{"href":"https:\/\/ogingenieriadelnorte.com\/index.php\/wp-json\/wp\/v2\/media?parent=89"}],"curies":[{"name":"wp","href":"https:\/\/api.w.org\/{rel}","templated":true}]}}