{"id":217,"date":"2024-11-07T21:30:46","date_gmt":"2024-11-07T21:30:46","guid":{"rendered":"https:\/\/ogingenieriadelnorte.com\/?page_id=217"},"modified":"2024-11-08T07:46:16","modified_gmt":"2024-11-08T07:46:16","slug":"preguntas-frecuentes","status":"publish","type":"page","link":"https:\/\/ogingenieriadelnorte.com\/index.php\/preguntas-frecuentes\/","title":{"rendered":"PREGUNTAS FRECUENTES"},"content":{"rendered":"<p>[et_pb_section fb_built=\u00bb1&#8243; _builder_version=\u00bb4.27.2&#8243; _module_preset=\u00bbdefault\u00bb background_color=\u00bb#2ead1d\u00bb background_image=\u00bbhttps:\/\/ogingenieriadelnorte.com\/wp-content\/uploads\/2024\/11\/2149192692.jpg\u00bb background_blend=\u00bbmultiply\u00bb global_colors_info=\u00bb{}\u00bb][et_pb_row _builder_version=\u00bb4.27.2&#8243; _module_preset=\u00bbdefault\u00bb global_colors_info=\u00bb{}\u00bb][et_pb_column type=\u00bb4_4&#8243; _builder_version=\u00bb4.27.2&#8243; _module_preset=\u00bbdefault\u00bb global_colors_info=\u00bb{}\u00bb][et_pb_text _builder_version=\u00bb4.27.2&#8243; _module_preset=\u00bbdefault\u00bb text_font=\u00bbPoppins|700|||||||\u00bb text_text_color=\u00bb#FFFFFF\u00bb text_font_size=\u00bb38px\u00bb text_orientation=\u00bbcenter\u00bb hover_enabled=\u00bb0&#8243; global_colors_info=\u00bb{}\u00bb sticky_enabled=\u00bb0&#8243; text_font_size_last_edited=\u00bbon|phone\u00bb text_font_size_phone=\u00bb27px\u00bb text_font_size_tablet=\u00bb38px\u00bb]<\/p>\n<p>PREGUNTAS FRECUENTES<\/p>\n<p>[\/et_pb_text][\/et_pb_column][\/et_pb_row][\/et_pb_section][et_pb_section fb_built=\u00bb1&#8243; _builder_version=\u00bb4.27.2&#8243; _module_preset=\u00bbdefault\u00bb global_colors_info=\u00bb{}\u00bb][et_pb_row _builder_version=\u00bb4.27.2&#8243; _module_preset=\u00bbdefault\u00bb global_colors_info=\u00bb{}\u00bb][et_pb_column type=\u00bb4_4&#8243; _builder_version=\u00bb4.27.2&#8243; _module_preset=\u00bbdefault\u00bb global_colors_info=\u00bb{}\u00bb][et_pb_text _builder_version=\u00bb4.27.2&#8243; _module_preset=\u00bbdefault\u00bb global_colors_info=\u00bb{}\u00bb]<\/p>\n<p aria-level=\"4\"><b><span data-contrast=\"auto\">1. \u00bfQu\u00e9 tipo de productos ofrece OG Ingenier\u00eda del Norte?<\/span><\/b><span data-ccp-props=\"{&quot;134233117&quot;:true,&quot;134233118&quot;:true,&quot;201341983&quot;:0,&quot;335559740&quot;:240}\">\u00a0<\/span><\/p>\n<p><span data-contrast=\"auto\">Ofrecemos una amplia gama de soluciones relacionadas con la energ\u00eda y la electricidad, incluyendo paneles solares, inversores, transformadores el\u00e9ctricos, sistemas de alimentaci\u00f3n ininterrumpida (UPS), bancos de capacitores, tableros de distribuci\u00f3n y postes de luz.<\/span><span data-ccp-props=\"{&quot;134233117&quot;:true,&quot;134233118&quot;:true,&quot;201341983&quot;:0,&quot;335559740&quot;:240}\">\u00a0<\/span><\/p>\n<p aria-level=\"4\"><b><span data-contrast=\"auto\">2. \u00bfC\u00f3mo funcionan los paneles solares?<\/span><\/b><span data-ccp-props=\"{&quot;134233117&quot;:true,&quot;134233118&quot;:true,&quot;201341983&quot;:0,&quot;335559740&quot;:240}\">\u00a0<\/span><\/p>\n<p><span data-contrast=\"auto\">Los paneles solares convierten la luz solar en energ\u00eda el\u00e9ctrica utilizando c\u00e9lulas fotovoltaicas. Captan la radiaci\u00f3n solar y generan corriente continua, que luego se convierte en corriente alterna para su uso en hogares y empresas, contribuyendo a la sostenibilidad.<\/span><span data-ccp-props=\"{&quot;134233117&quot;:true,&quot;134233118&quot;:true,&quot;201341983&quot;:0,&quot;335559740&quot;:240}\">\u00a0<\/span><\/p>\n<p aria-level=\"4\"><b><span data-contrast=\"auto\">3. \u00bfQu\u00e9 capacidad tienen los inversores y c\u00f3mo elijo el adecuado?<\/span><\/b><span data-ccp-props=\"{&quot;134233117&quot;:true,&quot;134233118&quot;:true,&quot;201341983&quot;:0,&quot;335559740&quot;:240}\">\u00a0<\/span><\/p>\n<p><span data-contrast=\"auto\">La capacidad de un inversor se mide en kilovatios (kW) y debe coincidir con la producci\u00f3n de energ\u00eda de los paneles solares y el consumo energ\u00e9tico de tu hogar o negocio. Nuestro equipo puede asesorarte para seleccionar el inversor que mejor se adapte a tus necesidades.<\/span><span data-ccp-props=\"{&quot;134233117&quot;:true,&quot;134233118&quot;:true,&quot;201341983&quot;:0,&quot;335559740&quot;:240}\">\u00a0<\/span><\/p>\n<p aria-level=\"4\"><b><span data-contrast=\"auto\">4. \u00bfQu\u00e9 tipos de transformadores el\u00e9ctricos ofrecen?<\/span><\/b><span data-ccp-props=\"{&quot;134233117&quot;:true,&quot;134233118&quot;:true,&quot;201341983&quot;:0,&quot;335559740&quot;:240}\">\u00a0<\/span><\/p>\n<p><span data-contrast=\"auto\">Ofrecemos transformadores el\u00e9ctricos de diversas capacidades y tipos, adaptados a aplicaciones espec\u00edficas. Si necesitas ayuda para seleccionar un transformador, no dudes en contactarnos.<\/span><span data-ccp-props=\"{&quot;134233117&quot;:true,&quot;134233118&quot;:true,&quot;201341983&quot;:0,&quot;335559740&quot;:240}\">\u00a0<\/span><\/p>\n<p aria-level=\"4\"><b><span data-contrast=\"auto\">5. \u00bfQu\u00e9 beneficios ofrecen los bancos de capacitores?<\/span><\/b><span data-ccp-props=\"{&quot;134233117&quot;:true,&quot;134233118&quot;:true,&quot;201341983&quot;:0,&quot;335559740&quot;:240}\">\u00a0<\/span><\/p>\n<p><span data-contrast=\"auto\">Los bancos de capacitores mejoran la calidad de la energ\u00eda el\u00e9ctrica, corrigiendo el factor de potencia y reduciendo las p\u00e9rdidas de energ\u00eda. Esto puede resultar en ahorros significativos en costos de energ\u00eda y prolongar la vida \u00fatil del equipo.<\/span><span data-ccp-props=\"{&quot;134233117&quot;:true,&quot;134233118&quot;:true,&quot;201341983&quot;:0,&quot;335559740&quot;:240}\">\u00a0<\/span><\/p>\n<p aria-level=\"4\"><b><span data-contrast=\"auto\">6. \u00bfQu\u00e9 es un sistema de alimentaci\u00f3n ininterrumpida (UPS) y por qu\u00e9 es importante?<\/span><\/b><span data-ccp-props=\"{&quot;134233117&quot;:true,&quot;134233118&quot;:true,&quot;201341983&quot;:0,&quot;335559740&quot;:240}\">\u00a0<\/span><\/p>\n<p><span data-contrast=\"auto\">Un sistema UPS proporciona energ\u00eda de respaldo durante cortes de energ\u00eda, asegurando que los equipos cr\u00edticos sigan funcionando sin interrupciones, lo que es vital para proteger datos y equipos en entornos comerciales.<\/span><span data-ccp-props=\"{&quot;134233117&quot;:true,&quot;134233118&quot;:true,&quot;201341983&quot;:0,&quot;335559740&quot;:240}\">\u00a0<\/span><\/p>\n<p aria-level=\"4\"><b><span data-contrast=\"auto\">7. \u00bfQu\u00e9 tipos de tableros de distribuci\u00f3n ofrecen?<\/span><\/b><span data-ccp-props=\"{&quot;134233117&quot;:true,&quot;134233118&quot;:true,&quot;201341983&quot;:0,&quot;335559740&quot;:240}\">\u00a0<\/span><\/p>\n<p><span data-contrast=\"auto\">Ofrecemos tableros de distribuci\u00f3n en diversas configuraciones y capacidades, dise\u00f1ados para manejar diferentes tipos de cargas el\u00e9ctricas y garantizar la seguridad y el control en sistemas el\u00e9ctricos.<\/span><span data-ccp-props=\"{&quot;134233117&quot;:true,&quot;134233118&quot;:true,&quot;201341983&quot;:0,&quot;335559740&quot;:240}\">\u00a0<\/span><\/p>\n<p aria-level=\"4\"><b><span data-contrast=\"auto\">8. \u00bfCu\u00e1les son los usos de los postes de luz que ofrecen?<\/span><\/b><span data-ccp-props=\"{&quot;134233117&quot;:true,&quot;134233118&quot;:true,&quot;201341983&quot;:0,&quot;335559740&quot;:240}\">\u00a0<\/span><\/p>\n<p><span data-contrast=\"auto\">Nuestros postes de luz son vers\u00e1tiles y pueden utilizarse para iluminaci\u00f3n p\u00fablica, as\u00ed como para montar transformadores, distribuci\u00f3n de energ\u00eda y telecomunicaciones, adapt\u00e1ndose a diversos proyectos de infraestructura.<\/span><span data-ccp-props=\"{&quot;134233117&quot;:true,&quot;134233118&quot;:true,&quot;201341983&quot;:0,&quot;335559740&quot;:240}\">\u00a0<\/span><\/p>\n<p aria-level=\"4\"><b><span data-contrast=\"auto\">9. \u00bfProporcionan asistencia t\u00e9cnica para la instalaci\u00f3n de sus productos?<\/span><\/b><span data-ccp-props=\"{&quot;134233117&quot;:true,&quot;134233118&quot;:true,&quot;201341983&quot;:0,&quot;335559740&quot;:240}\">\u00a0<\/span><\/p>\n<p><span data-contrast=\"auto\">S\u00ed, ofrecemos asistencia t\u00e9cnica para la instalaci\u00f3n de todos nuestros productos, asegurando que cada instalaci\u00f3n se realice de manera segura y cumpla con los est\u00e1ndares de calidad.<\/span><span data-ccp-props=\"{&quot;134233117&quot;:true,&quot;134233118&quot;:true,&quot;201341983&quot;:0,&quot;335559740&quot;:240}\">\u00a0<\/span><\/p>\n<p aria-level=\"4\"><b><span data-contrast=\"auto\">10. \u00bfQu\u00e9 marcas de productos ofrecen y c\u00f3mo se garantiza su calidad?<\/span><\/b><span data-ccp-props=\"{&quot;134233117&quot;:true,&quot;134233118&quot;:true,&quot;201341983&quot;:0,&quot;335559740&quot;:240}\">\u00a0<\/span><\/p>\n<p><span data-contrast=\"auto\">Trabajamos con marcas reconocidas en el sector de la energ\u00eda y la electricidad, seleccionando cada producto por su calidad y eficiencia. Contamos con pol\u00edticas de garant\u00eda que aseguran la satisfacci\u00f3n del cliente y la confiabilidad de nuestros productos.<\/span><span data-ccp-props=\"{&quot;134233117&quot;:true,&quot;134233118&quot;:true,&quot;201341983&quot;:0,&quot;335559740&quot;:240}\">\u00a0<\/span><\/p>\n<p aria-level=\"4\"><b><span data-contrast=\"auto\">11. \u00bfEs posible obtener un presupuesto personalizado para un proyecto espec\u00edfico?<\/span><\/b><span data-ccp-props=\"{&quot;134233117&quot;:true,&quot;134233118&quot;:true,&quot;201341983&quot;:0,&quot;335559740&quot;:240}\">\u00a0<\/span><\/p>\n<p><span data-contrast=\"auto\">S\u00ed, ofrecemos presupuestos personalizados seg\u00fan las necesidades espec\u00edficas de cada proyecto. Te invitamos a contactarnos para discutir los detalles y recibir una propuesta adaptada a tus requerimientos.<\/span><span data-ccp-props=\"{&quot;134233117&quot;:true,&quot;134233118&quot;:true,&quot;201341983&quot;:0,&quot;335559740&quot;:240}\">\u00a0<\/span><\/p>\n<p aria-level=\"4\"><b><span data-contrast=\"auto\">12. \u00bfQu\u00e9 compromisos tiene OG Ingenier\u00eda del Norte con la sostenibilidad?<\/span><\/b><span data-ccp-props=\"{&quot;134233117&quot;:true,&quot;134233118&quot;:true,&quot;201341983&quot;:0,&quot;335559740&quot;:240}\">\u00a0<\/span><\/p>\n<p><span data-contrast=\"auto\">Estamos comprometidos con la sostenibilidad, promoviendo el uso de energ\u00edas renovables y pr\u00e1cticas responsables en todos nuestros proyectos. Buscamos optimizar el consumo energ\u00e9tico y reducir el impacto ambiental.<\/span><span data-ccp-props=\"{&quot;134233117&quot;:true,&quot;134233118&quot;:true,&quot;201341983&quot;:0,&quot;335559740&quot;:240}\">\u00a0<\/span><\/p>\n<p aria-level=\"4\"><b><span data-contrast=\"auto\">13. \u00bfD\u00f3nde est\u00e1n ubicados y c\u00f3mo puedo contactarlos?<\/span><\/b><span data-ccp-props=\"{&quot;134233117&quot;:true,&quot;134233118&quot;:true,&quot;201341983&quot;:0,&quot;335559740&quot;:240}\">\u00a0<\/span><\/p>\n<p><span data-contrast=\"auto\">Nuestra empresa est\u00e1 ubicada en Monterrey, M\u00e9xico. Puedes contactarnos a trav\u00e9s de nuestro sitio web o redes sociales. Estamos aqu\u00ed para ayudarte con cualquier consulta que puedas tener.<\/span><span data-ccp-props=\"{&quot;134233117&quot;:true,&quot;134233118&quot;:true,&quot;201341983&quot;:0,&quot;335559740&quot;:240}\">\u00a0<\/span><\/p>\n<p aria-level=\"4\"><b><span data-contrast=\"auto\">14. \u00bfRealizan proyectos a medida?<\/span><\/b><span data-ccp-props=\"{&quot;134233117&quot;:true,&quot;134233118&quot;:true,&quot;201341983&quot;:0,&quot;335559740&quot;:240}\">\u00a0<\/span><\/p>\n<p><span data-contrast=\"auto\">S\u00ed, ofrecemos soluciones personalizadas que se adaptan a las necesidades espec\u00edficas de cada cliente. Nuestro equipo est\u00e1 preparado para trabajar en proyectos a medida y asegurar que se cumplan todas tus expectativas.<\/span><span data-ccp-props=\"{&quot;134233117&quot;:true,&quot;134233118&quot;:true,&quot;201341983&quot;:0,&quot;335559740&quot;:240}\">\u00a0<\/span><\/p>\n<p aria-level=\"4\"><b><span data-contrast=\"auto\">15. \u00bfCu\u00e1l es el proceso de compra?<\/span><\/b><span data-ccp-props=\"{&quot;134233117&quot;:true,&quot;134233118&quot;:true,&quot;201341983&quot;:0,&quot;335559740&quot;:240}\">\u00a0<\/span><\/p>\n<p><span data-contrast=\"auto\">El proceso de compra es sencillo. Puedes navegar por nuestro sitio web para consultar los productos disponibles, y si tienes alguna duda, cont\u00e1ctanos. Una vez que elijas tus productos, te proporcionaremos un presupuesto y te guiaremos a trav\u00e9s de los pasos para completar tu compra.<\/span><span data-ccp-props=\"{&quot;134233117&quot;:true,&quot;134233118&quot;:true,&quot;201341983&quot;:0,&quot;335559740&quot;:240}\">\u00a0<\/span><\/p>\n<p>[\/et_pb_text][\/et_pb_column][\/et_pb_row][\/et_pb_section]<\/p>\n","protected":false},"excerpt":{"rendered":"<p>PREGUNTAS FRECUENTES1. \u00bfQu\u00e9 tipo de productos ofrece OG Ingenier\u00eda del Norte?\u00a0 Ofrecemos una amplia gama de soluciones relacionadas con la energ\u00eda y la electricidad, incluyendo paneles solares, inversores, transformadores el\u00e9ctricos, sistemas de alimentaci\u00f3n ininterrumpida (UPS), bancos de capacitores, tableros de distribuci\u00f3n y postes de luz.\u00a0 2. \u00bfC\u00f3mo funcionan los paneles solares?\u00a0 Los paneles solares convierten [&hellip;]<\/p>\n","protected":false},"author":1,"featured_media":0,"parent":0,"menu_order":0,"comment_status":"closed","ping_status":"closed","template":"","meta":{"_et_pb_use_builder":"on","_et_pb_old_content":"","_et_gb_content_width":"","footnotes":""},"class_list":["post-217","page","type-page","status-publish","hentry"],"_links":{"self":[{"href":"https:\/\/ogingenieriadelnorte.com\/index.php\/wp-json\/wp\/v2\/pages\/217","targetHints":{"allow":["GET"]}}],"collection":[{"href":"https:\/\/ogingenieriadelnorte.com\/index.php\/wp-json\/wp\/v2\/pages"}],"about":[{"href":"https:\/\/ogingenieriadelnorte.com\/index.php\/wp-json\/wp\/v2\/types\/page"}],"author":[{"embeddable":true,"href":"https:\/\/ogingenieriadelnorte.com\/index.php\/wp-json\/wp\/v2\/users\/1"}],"replies":[{"embeddable":true,"href":"https:\/\/ogingenieriadelnorte.com\/index.php\/wp-json\/wp\/v2\/comments?post=217"}],"version-history":[{"count":4,"href":"https:\/\/ogingenieriadelnorte.com\/index.php\/wp-json\/wp\/v2\/pages\/217\/revisions"}],"predecessor-version":[{"id":284,"href":"https:\/\/ogingenieriadelnorte.com\/index.php\/wp-json\/wp\/v2\/pages\/217\/revisions\/284"}],"wp:attachment":[{"href":"https:\/\/ogingenieriadelnorte.com\/index.php\/wp-json\/wp\/v2\/media?parent=217"}],"curies":[{"name":"wp","href":"https:\/\/api.w.org\/{rel}","templated":true}]}}